{"id":10,"date":"2021-07-01T13:13:00","date_gmt":"2021-07-01T11:13:00","guid":{"rendered":"https:\/\/kaliste.net\/?page_id=10"},"modified":"2021-11-22T16:53:28","modified_gmt":"2021-11-22T15:53:28","slug":"accueil","status":"publish","type":"page","link":"https:\/\/kaliste.net\/fr\/","title":{"rendered":"Accueil"},"content":{"rendered":"<div id=\"cs-content\" class=\"cs-content\"><\/div>\n","protected":false},"excerpt":{"rendered":"<p>Chez Kaliste Services LtdL&rsquo;innovation au service de la biologie mobileConcevoir des solutions innovantes et portables qui assurent votre protection et celle de vos \u00e9chantillons.Nous contacternos servicesNous r\u00e9pondons \u00e0 diverses probl\u00e9matiques autour du diagnostic adapt\u00e9es pour des conditions d&#8217;emplois difficiles sur le terrain.FormationNos programmes de formation s\u2019adaptent \u00e0 vos besoins et comp\u00e9tences, de mani\u00e8re \u00e0 tirer le meilleur profit de nos &#8230; <\/p>\n<div><a href=\"https:\/\/kaliste.net\/fr\/\" class=\"more-link\">Read More<\/a><\/div>\n","protected":false},"author":1,"featured_media":0,"parent":0,"menu_order":0,"comment_status":"closed","ping_status":"closed","template":"template-blank-4.php","meta":{"footnotes":""},"class_list":["post-10","page","type-page","status-publish","hentry","no-post-thumbnail"],"_links":{"self":[{"href":"https:\/\/kaliste.net\/fr\/wp-json\/wp\/v2\/pages\/10","targetHints":{"allow":["GET"]}}],"collection":[{"href":"https:\/\/kaliste.net\/fr\/wp-json\/wp\/v2\/pages"}],"about":[{"href":"https:\/\/kaliste.net\/fr\/wp-json\/wp\/v2\/types\/page"}],"author":[{"embeddable":true,"href":"https:\/\/kaliste.net\/fr\/wp-json\/wp\/v2\/users\/1"}],"replies":[{"embeddable":true,"href":"https:\/\/kaliste.net\/fr\/wp-json\/wp\/v2\/comments?post=10"}],"version-history":[{"count":40,"href":"https:\/\/kaliste.net\/fr\/wp-json\/wp\/v2\/pages\/10\/revisions"}],"predecessor-version":[{"id":141,"href":"https:\/\/kaliste.net\/fr\/wp-json\/wp\/v2\/pages\/10\/revisions\/141"}],"wp:attachment":[{"href":"https:\/\/kaliste.net\/fr\/wp-json\/wp\/v2\/media?parent=10"}],"curies":[{"name":"wp","href":"https:\/\/api.w.org\/{rel}","templated":true}]}}